{"id":12,"date":"2019-07-10T09:42:44","date_gmt":"2019-07-10T09:42:44","guid":{"rendered":"https:\/\/blindehunde.ch\/?page_id=12"},"modified":"2023-01-13T19:28:57","modified_gmt":"2023-01-13T19:28:57","slug":"home","status":"publish","type":"page","link":"https:\/\/blindehunde.ch\/","title":{"rendered":"Home"},"content":{"rendered":"\n<p class=\"has-medium-font-size\"><strong>Siehst du es? Leben mit einem blinden Hund <\/strong><br><br>Der Ratgeber f\u00fcr Halter blinder Hunde von Corinne Egger und Romy Pierami-Illi.<br>\u00dcberarbeitete Neuauflage erschienen im November 2022.<\/p>\n\n\n\n<div class=\"wp-block-image\"><figure class=\"alignright size-large is-resized\"><img loading=\"lazy\" decoding=\"async\" src=\"https:\/\/blindehunde.ch\/wp-content\/uploads\/2023\/01\/cover-blinde-hunde-726x1024.jpg\" alt=\"\" class=\"wp-image-122\" width=\"327\" height=\"461\" srcset=\"https:\/\/blindehunde.ch\/wp-content\/uploads\/2023\/01\/cover-blinde-hunde-726x1024.jpg 726w, https:\/\/blindehunde.ch\/wp-content\/uploads\/2023\/01\/cover-blinde-hunde-213x300.jpg 213w, https:\/\/blindehunde.ch\/wp-content\/uploads\/2023\/01\/cover-blinde-hunde-768x1083.jpg 768w, https:\/\/blindehunde.ch\/wp-content\/uploads\/2023\/01\/cover-blinde-hunde-1090x1536.jpg 1090w, https:\/\/blindehunde.ch\/wp-content\/uploads\/2023\/01\/cover-blinde-hunde.jpg 1240w\" sizes=\"auto, (max-width: 327px) 100vw, 327px\" \/><figcaption> 2. Auflage erschienen 2022<\/figcaption><\/figure><\/div>\n\n\n\n<p><br><\/p>\n\n\n\n<p>Ihr Hund ist oder wird blind? Eine Diagnose, die hart treffen kann&#8230; solange man nicht weiss, wie man damit umgehen soll.  Blinde Hunde sind nicht trauriger, langsamer oder weniger unternehmenslustig als sehende Hunde. Lassen Sie sich von dem Buch in die Welt blinder Hund f\u00fchren und lernen Sie, wie Sie mit kleinen Ver\u00e4nderungen den Alltag genauso lebenswert gestalten k\u00f6nnen, wie f\u00fcr sehende Hunde. L(i)ebenswert sind sie und geben ebenso viel wie sehende Hunde an ihre Halter zur\u00fcck. <\/p>\n\n\n\n<p><\/p>\n\n\n\n<p><\/p>\n\n\n\n<p><br><\/p>\n\n\n\n<p><\/p>\n\n\n\n<div class=\"wp-block-image\"><figure class=\"alignright size-large\"><img loading=\"lazy\" decoding=\"async\" width=\"348\" height=\"493\" src=\"https:\/\/blindehunde.ch\/wp-content\/uploads\/2019\/07\/cover.jpg\" alt=\"\" class=\"wp-image-33\" srcset=\"https:\/\/blindehunde.ch\/wp-content\/uploads\/2019\/07\/cover.jpg 348w, https:\/\/blindehunde.ch\/wp-content\/uploads\/2019\/07\/cover-212x300.jpg 212w\" sizes=\"auto, (max-width: 348px) 100vw, 348px\" \/><figcaption>1. Auflage erschienen 2012<\/figcaption><\/figure><\/div>\n\n\n\n<p>Ein praktischer Ratgeber f\u00fcr Halter blinder Hunde, aufbauend auf den eigenen Erfahrungen der Autorinnen und einem  Fragebogen im Rahmen ihrer Ausbildung am Institut f\u00fcr angewandte Ethologie und Tierpsychologie IET in der Schweiz. <\/p>\n\n\n\n<p>Ein reich bebildertes, farbiges Buch zum Schauen und Lernen. <\/p>\n\n\n\n<p>Autorinnen: Corinne Egger, Romy Pierami-Illi <br>Verlag: MenschHund! Verlag<br>150 Seiten<br>ISBN: 978-3-9810821-9-7 <br> <\/p>\n","protected":false},"excerpt":{"rendered":"<p>Siehst du es? Leben mit einem blinden Hund Der Ratgeber f\u00fcr Halter blinder Hunde von Corinne Egger und Romy Pierami-Illi.\u00dcberarbeitete Neuauflage erschienen im November 2022. Ihr Hund ist oder wird blind? Eine Diagnose, die hart treffen kann&#8230; solange man nicht weiss, wie man damit umgehen soll. Blinde Hunde sind nicht trauriger, langsamer oder weniger unternehmenslustig&hellip;<\/p>\n","protected":false},"author":1,"featured_media":0,"parent":0,"menu_order":0,"comment_status":"closed","ping_status":"closed","template":"","meta":{"footnotes":""},"class_list":["post-12","page","type-page","status-publish","hentry"],"_links":{"self":[{"href":"https:\/\/blindehunde.ch\/index.php?rest_route=\/wp\/v2\/pages\/12","targetHints":{"allow":["GET"]}}],"collection":[{"href":"https:\/\/blindehunde.ch\/index.php?rest_route=\/wp\/v2\/pages"}],"about":[{"href":"https:\/\/blindehunde.ch\/index.php?rest_route=\/wp\/v2\/types\/page"}],"author":[{"embeddable":true,"href":"https:\/\/blindehunde.ch\/index.php?rest_route=\/wp\/v2\/users\/1"}],"replies":[{"embeddable":true,"href":"https:\/\/blindehunde.ch\/index.php?rest_route=%2Fwp%2Fv2%2Fcomments&post=12"}],"version-history":[{"count":16,"href":"https:\/\/blindehunde.ch\/index.php?rest_route=\/wp\/v2\/pages\/12\/revisions"}],"predecessor-version":[{"id":128,"href":"https:\/\/blindehunde.ch\/index.php?rest_route=\/wp\/v2\/pages\/12\/revisions\/128"}],"wp:attachment":[{"href":"https:\/\/blindehunde.ch\/index.php?rest_route=%2Fwp%2Fv2%2Fmedia&parent=12"}],"curies":[{"name":"wp","href":"https:\/\/api.w.org\/{rel}","templated":true}]}}