{"id":37,"date":"2019-07-10T10:13:15","date_gmt":"2019-07-10T10:13:15","guid":{"rendered":"https:\/\/blindehunde.ch\/?page_id=37"},"modified":"2019-12-11T17:00:45","modified_gmt":"2019-12-11T17:00:45","slug":"ueber-die-autorinnen","status":"publish","type":"page","link":"https:\/\/blindehunde.ch\/?page_id=37","title":{"rendered":"\u00dcber die Autorinnen"},"content":{"rendered":"\n<div class=\"wp-block-image\"><figure class=\"alignright\"><img loading=\"lazy\" decoding=\"async\" width=\"346\" height=\"230\" src=\"https:\/\/blindehunde.ch\/wp-content\/uploads\/2019\/08\/CorinneWeb.jpg\" alt=\"\" class=\"wp-image-57\" srcset=\"https:\/\/blindehunde.ch\/wp-content\/uploads\/2019\/08\/CorinneWeb.jpg 346w, https:\/\/blindehunde.ch\/wp-content\/uploads\/2019\/08\/CorinneWeb-300x199.jpg 300w\" sizes=\"auto, (max-width: 346px) 100vw, 346px\" \/><figcaption>Corinne Egger mit Jay<\/figcaption><\/figure><\/div>\n\n\n\n<p><strong>Corinne Egger<\/strong> betreibt eine Praxis f\u00fcr alle Felle, in der sie Tiere mittels klassischer Hom\u00f6opathie, Bioresonanz und Verhaltenstherapie betreut. Zudem leitet sie die Hundeschule Pfoten-Atelier, die sich vor allem auf Alltagstraining und sinnvolle Besch\u00e4ftigung aller Hunde konzentriert.<br>Corinne Egger spezialisierte sich nach der Grundausbildung zur Tierheilpraktikerin ATM vorerst auf den Fachbereich der Hom\u00f6opathie, dies unter anderem auch an der Samuel Hahnemann Schule SHS f\u00fcr Menschen. Am Institut f\u00fcr angewandte Ethologie und Tierpsychologie IET bildete sie sich dann zur tierpsychologischen Beraterin weiter.<br>Mit ihrer Familie lebt Corinne Egger im solothurnischen Hubersdorf. Mit Ihrem Labradorr\u00fcden Jay trainierte sie haupts\u00e4chlich im Katastrophenhunde-Wesen. W\u00e4hrend und nach der Erblindung war Jay weiterhin \u201enasenaktiv\u201c.<br><strong>Corinne Eggers Ausbildungen:<\/strong><br> &#8211; Tierheilpraktikerin ATM<br> &#8211; Hom\u00f6opathin SHS<br> &#8211; Bioresonanz<br> &#8211; Tierpsychologien ATN<br> &#8211; dipl. Tierpsychologische Beraterin IET<\/p>\n\n\n\n<div style=\"height:50px\" aria-hidden=\"true\" class=\"wp-block-spacer\"><\/div>\n\n\n\n<div class=\"wp-block-image\"><figure class=\"alignright\"><img loading=\"lazy\" decoding=\"async\" width=\"346\" height=\"231\" src=\"https:\/\/blindehunde.ch\/wp-content\/uploads\/2019\/08\/Blin.jpg\" alt=\"\" class=\"wp-image-94\" srcset=\"https:\/\/blindehunde.ch\/wp-content\/uploads\/2019\/08\/Blin.jpg 346w, https:\/\/blindehunde.ch\/wp-content\/uploads\/2019\/08\/Blin-300x200.jpg 300w\" sizes=\"auto, (max-width: 346px) 100vw, 346px\" \/><figcaption>Romy Pierami-Illi<\/figcaption><\/figure><\/div>\n\n\n\n<p><strong>Romy Pierami-Illi<\/strong> arbeitete einige Jahre als Tiermedizinische Praxisassistentin und bildete sich zur Tellington Practitionerin weiter. Danach gr\u00fcndete sie die Lucky Pets GmbH, ein Fachgesch\u00e4ft f\u00fcr Hunde- und Katzenzubeh\u00f6r in Zwillikon. <br>Am Institut f\u00fcr angewandte Ethologie und Tierpsychologie IET bildete sie sich dann zur tierpsychologischen Beraterin weiter.<br> Mit Ihrem jetzt pensioniert Pferd und ihren Hunden lebt Romy Pierami-Illi zusammen mit ihrer Familie in der N\u00e4he von Z\u00fcrich.<br> <strong>Romy Pierami-Illis Ausbildungen:<\/strong><br> &#8211; dipl. Tiermedizinischer Praxisassistentin<br> &#8211; Tierpsychologien ATN<br> &#8211; Tellington TTouch Practitioner I<br> &#8211; International Trainer Sheila Harper<br> &#8211; dipl. Tierpsychologische Beraterin IET<br> &#8211; zertifizierte Ern\u00e4hrungsberaterin Hund und Katze mit Schwerpunkt BARF nach Swanie Simon<\/p>\n","protected":false},"excerpt":{"rendered":"<p>Corinne Egger betreibt eine Praxis f\u00fcr alle Felle, in der sie Tiere mittels klassischer Hom\u00f6opathie, Bioresonanz und Verhaltenstherapie betreut. Zudem leitet sie die Hundeschule Pfoten-Atelier, die sich vor allem auf Alltagstraining und sinnvolle Besch\u00e4ftigung aller Hunde konzentriert.Corinne Egger spezialisierte sich nach der Grundausbildung zur Tierheilpraktikerin ATM vorerst auf den Fachbereich der Hom\u00f6opathie, dies unter anderem&hellip;<\/p>\n","protected":false},"author":1,"featured_media":0,"parent":0,"menu_order":0,"comment_status":"closed","ping_status":"closed","template":"","meta":{"footnotes":""},"class_list":["post-37","page","type-page","status-publish","hentry"],"_links":{"self":[{"href":"https:\/\/blindehunde.ch\/index.php?rest_route=\/wp\/v2\/pages\/37","targetHints":{"allow":["GET"]}}],"collection":[{"href":"https:\/\/blindehunde.ch\/index.php?rest_route=\/wp\/v2\/pages"}],"about":[{"href":"https:\/\/blindehunde.ch\/index.php?rest_route=\/wp\/v2\/types\/page"}],"author":[{"embeddable":true,"href":"https:\/\/blindehunde.ch\/index.php?rest_route=\/wp\/v2\/users\/1"}],"replies":[{"embeddable":true,"href":"https:\/\/blindehunde.ch\/index.php?rest_route=%2Fwp%2Fv2%2Fcomments&post=37"}],"version-history":[{"count":24,"href":"https:\/\/blindehunde.ch\/index.php?rest_route=\/wp\/v2\/pages\/37\/revisions"}],"predecessor-version":[{"id":105,"href":"https:\/\/blindehunde.ch\/index.php?rest_route=\/wp\/v2\/pages\/37\/revisions\/105"}],"wp:attachment":[{"href":"https:\/\/blindehunde.ch\/index.php?rest_route=%2Fwp%2Fv2%2Fmedia&parent=37"}],"curies":[{"name":"wp","href":"https:\/\/api.w.org\/{rel}","templated":true}]}}